{"id":2145,"date":"2025-03-05T15:24:04","date_gmt":"2025-03-05T14:24:04","guid":{"rendered":"https:\/\/www.rokatec.de\/neem-contact-met-ons-op\/"},"modified":"2026-01-21T16:26:40","modified_gmt":"2026-01-21T15:26:40","slug":"neem-contact-met-ons-op","status":"publish","type":"page","link":"https:\/\/www.rokatec.de\/nl\/neem-contact-met-ons-op\/","title":{"rendered":"Neem contact met ons op"},"content":{"rendered":"\t\t<div data-elementor-type=\"wp-page\" data-elementor-id=\"2145\" class=\"elementor elementor-2145 elementor-787\" data-elementor-post-type=\"page\">\n\t\t\t\t<div class=\"elementor-element elementor-element-07394b1 e-con-full e-flex e-con e-parent\" data-id=\"07394b1\" data-element_type=\"container\" data-e-type=\"container\">\n\t\t\t\t<div class=\"elementor-element elementor-element-538fea9 elementor-widget__width-inherit elementor-pagination-position-inside elementor-pagination-type-bullets elementor-arrows-position-inside elementor-widget elementor-widget-n-carousel\" data-id=\"538fea9\" data-element_type=\"widget\" data-e-type=\"widget\" data-settings=\"{&quot;carousel_items&quot;:[{&quot;slide_title&quot;:&quot;Qualit\\u00e4t&quot;,&quot;_id&quot;:&quot;87b1fba&quot;}],&quot;slides_to_show&quot;:&quot;1&quot;,&quot;speed&quot;:300,&quot;image_spacing_custom&quot;:{&quot;unit&quot;:&quot;px&quot;,&quot;size&quot;:0,&quot;sizes&quot;:[]},&quot;slides_to_show_tablet&quot;:&quot;2&quot;,&quot;slides_to_show_mobile&quot;:&quot;1&quot;,&quot;autoplay&quot;:&quot;yes&quot;,&quot;autoplay_speed&quot;:5000,&quot;pause_on_hover&quot;:&quot;yes&quot;,&quot;pause_on_interaction&quot;:&quot;yes&quot;,&quot;infinite&quot;:&quot;yes&quot;,&quot;offset_sides&quot;:&quot;none&quot;,&quot;arrows&quot;:&quot;yes&quot;,&quot;pagination&quot;:&quot;bullets&quot;,&quot;image_spacing_custom_laptop&quot;:{&quot;unit&quot;:&quot;px&quot;,&quot;size&quot;:&quot;&quot;,&quot;sizes&quot;:[]},&quot;image_spacing_custom_tablet_extra&quot;:{&quot;unit&quot;:&quot;px&quot;,&quot;size&quot;:&quot;&quot;,&quot;sizes&quot;:[]},&quot;image_spacing_custom_tablet&quot;:{&quot;unit&quot;:&quot;px&quot;,&quot;size&quot;:&quot;&quot;,&quot;sizes&quot;:[]},&quot;image_spacing_custom_mobile&quot;:{&quot;unit&quot;:&quot;px&quot;,&quot;size&quot;:&quot;&quot;,&quot;sizes&quot;:[]}}\" data-widget_type=\"nested-carousel.default\">\n\t\t\t\t<div class=\"elementor-widget-container\">\n\t\t\t\t\t\t\t<div class=\"e-n-carousel swiper\" role=\"region\" aria-roledescription=\"carousel\" aria-label=\"Header Slider\" dir=\"ltr\">\n\t\t\t<div class=\"swiper-wrapper\" aria-live=\"off\">\n\t\t\t\t\t\t\t\t\t\t<div class=\"swiper-slide\" data-slide=\"1\" role=\"group\" aria-roledescription=\"slide\" aria-label=\"1 van 1\">\n\t\t\t\t\t\t\t<div data-dce-background-image-url=\"https:\/\/www.rokatec.de\/wp-content\/uploads\/2025\/03\/DJI_0380-HDR-Bearbeitet-1.jpg\" class=\"elementor-element elementor-element-1c2d009 pad-xl e-flex e-con-boxed e-con e-child\" data-id=\"1c2d009\" data-element_type=\"container\" data-e-type=\"container\" data-settings=\"{&quot;background_background&quot;:&quot;classic&quot;}\">\n\t\t\t\t\t<div class=\"e-con-inner\">\n\t\t\t\t<div class=\"elementor-element elementor-element-bc6c8de elementor-widget__width-initial elementor-invisible elementor-widget elementor-widget-heading\" data-id=\"bc6c8de\" data-element_type=\"widget\" data-e-type=\"widget\" data-settings=\"{&quot;_animation&quot;:&quot;fadeInDown&quot;}\" data-widget_type=\"heading.default\">\n\t\t\t\t<div class=\"elementor-widget-container\">\n\t\t\t\t\t<h1 class=\"elementor-heading-title elementor-size-default\">Samen cre\u00ebren we<br>verbindingen<\/h1>\t\t\t\t<\/div>\n\t\t\t\t<\/div>\n\t\t\t\t\t<\/div>\n\t\t\t\t<\/div>\n\t\t\t\t\t\t\t\t<\/div>\n\t\t\t\t\t\t\t\t<\/div>\n\t\t<\/div>\n\t\t\t\t\t\t<\/div>\n\t\t\t\t<\/div>\n\t\t\t\t<\/div>\n\t\t<div class=\"elementor-element elementor-element-80681a1 pad-xl e-flex e-con-boxed e-con e-parent\" data-id=\"80681a1\" data-element_type=\"container\" data-e-type=\"container\">\n\t\t\t\t\t<div class=\"e-con-inner\">\n\t\t<div class=\"elementor-element elementor-element-8fe7293 e-con-full e-flex e-con e-child\" data-id=\"8fe7293\" data-element_type=\"container\" data-e-type=\"container\">\n\t\t\t\t<div class=\"elementor-element elementor-element-7f41bb5 elementor-widget elementor-widget-heading\" data-id=\"7f41bb5\" data-element_type=\"widget\" data-e-type=\"widget\" data-widget_type=\"heading.default\">\n\t\t\t\t<div class=\"elementor-widget-container\">\n\t\t\t\t\t<h2 class=\"elementor-heading-title elementor-size-default\">Neem contact met ons op<\/h2>\t\t\t\t<\/div>\n\t\t\t\t<\/div>\n\t\t\t\t<div class=\"elementor-element elementor-element-b046c15 elementor-widget elementor-widget-text-editor\" data-id=\"b046c15\" data-element_type=\"widget\" data-e-type=\"widget\" data-widget_type=\"text-editor.default\">\n\t\t\t\t<div class=\"elementor-widget-container\">\n\t\t\t\t\t\t\t\t\t<p>Wij staan voor de beste verbindingen &#8211; dit geldt ook voor persoonlijk contact. Wij verheugen ons op uw aanvraag en zijn altijd uw competente aanspreekpartner, vooral voor individuele oplossingen. <\/p><p><b>rokatec GmbH<br><\/b>Rudolf-Diesel-Stra\u00dfe 3<br>D-49824 Emlichheim<\/p><p><b>OPENINGSTIJDEN<\/b><br>maandag t\/m donderdag van 8:00 tot 16:00 uur<br>vrijdag van 8:00 tot 13:00 uur.<\/p><p><b>CONTACT<\/b><br>Tel.: + 49 5943 999 2820<br>Fax: + 49 5943 999 2829<br>E-mail: anfrage@rokatec.de<\/p><p>Neem nu contact met ons op. Bel ons of schrijf ons via ons contactformulier. We kijken uit naar uw aanvraag!  <\/p>\t\t\t\t\t\t\t\t<\/div>\n\t\t\t\t<\/div>\n\t\t\t\t<\/div>\n\t\t<div class=\"elementor-element elementor-element-c33da0d e-con-full e-flex e-con e-child\" data-id=\"c33da0d\" data-element_type=\"container\" data-e-type=\"container\">\n\t\t\t\t<div class=\"elementor-element elementor-element-ea407be elementor-widget elementor-widget-heading\" data-id=\"ea407be\" data-element_type=\"widget\" data-e-type=\"widget\" data-widget_type=\"heading.default\">\n\t\t\t\t<div class=\"elementor-widget-container\">\n\t\t\t\t\t<h2 class=\"elementor-heading-title elementor-size-default\">Projectaanvraag verzenden\n<\/h2>\t\t\t\t<\/div>\n\t\t\t\t<\/div>\n\t\t\t\t<div class=\"elementor-element elementor-element-b7a8015 elementor-button-align-start elementor-widget__width-inherit elementor-widget elementor-widget-form\" data-id=\"b7a8015\" data-element_type=\"widget\" data-e-type=\"widget\" data-settings=\"{&quot;step_next_label&quot;:&quot;Volgende&quot;,&quot;step_previous_label&quot;:&quot;Vorige&quot;,&quot;button_width&quot;:&quot;100&quot;,&quot;step_type&quot;:&quot;number_text&quot;,&quot;step_icon_shape&quot;:&quot;circle&quot;}\" data-widget_type=\"form.default\">\n\t\t\t\t<div class=\"elementor-widget-container\">\n\t\t\t\t\t\t\t<form class=\"elementor-form\" method=\"post\" name=\"Nieuwe vorm\" aria-label=\"Nieuwe vorm\">\n\t\t\t<input type=\"hidden\" name=\"post_id\" value=\"2145\"\/>\n\t\t\t<input type=\"hidden\" name=\"form_id\" value=\"b7a8015\"\/>\n\t\t\t<input type=\"hidden\" name=\"referer_title\" value=\"Contact | Rokatec: Neem contact op\" \/>\n\n\t\t\t\t\t\t\t<input type=\"hidden\" name=\"queried_id\" value=\"2145\"\/>\n\t\t\t\n\t\t\t<div class=\"elementor-form-fields-wrapper elementor-labels-\">\n\t\t\t\t\t\t\t\t<div class=\"elementor-field-type-text elementor-field-group elementor-column elementor-field-group-field_aaa7f7e elementor-col-100 elementor-field-required\">\n\t\t\t\t\t\t\t\t\t\t\t\t<label for=\"form-field-field_aaa7f7e\" class=\"elementor-field-label elementor-screen-only\">\n\t\t\t\t\t\t\t\tNaam\t\t\t\t\t\t\t<\/label>\n\t\t\t\t\t\t\t\t\t\t\t\t\t\t<input size=\"1\" type=\"text\" name=\"form_fields[field_aaa7f7e]\" id=\"form-field-field_aaa7f7e\" class=\"elementor-field elementor-size-sm  elementor-field-textual\" placeholder=\"Naam*\" required=\"required\">\n\t\t\t\t\t\t\t\t\t\t\t<\/div>\n\t\t\t\t\t\t\t\t<div class=\"elementor-field-type-email elementor-field-group elementor-column elementor-field-group-email elementor-col-100 elementor-field-required\">\n\t\t\t\t\t\t\t\t\t\t\t\t<label for=\"form-field-email\" class=\"elementor-field-label elementor-screen-only\">\n\t\t\t\t\t\t\t\te-mail\t\t\t\t\t\t\t<\/label>\n\t\t\t\t\t\t\t\t\t\t\t\t\t\t<input size=\"1\" type=\"email\" name=\"form_fields[email]\" id=\"form-field-email\" class=\"elementor-field elementor-size-sm  elementor-field-textual\" placeholder=\"E-mail*\" required=\"required\">\n\t\t\t\t\t\t\t\t\t\t\t<\/div>\n\t\t\t\t\t\t\t\t<div class=\"elementor-field-type-text elementor-field-group elementor-column elementor-field-group-name elementor-col-100\">\n\t\t\t\t\t\t\t\t\t\t\t\t<label for=\"form-field-name\" class=\"elementor-field-label elementor-screen-only\">\n\t\t\t\t\t\t\t\tTelefoon\t\t\t\t\t\t\t<\/label>\n\t\t\t\t\t\t\t\t\t\t\t\t\t\t<input size=\"1\" type=\"text\" name=\"form_fields[name]\" id=\"form-field-name\" class=\"elementor-field elementor-size-sm  elementor-field-textual\" placeholder=\"Telefoon\">\n\t\t\t\t\t\t\t\t\t\t\t<\/div>\n\t\t\t\t\t\t\t\t<div class=\"elementor-field-type-textarea elementor-field-group elementor-column elementor-field-group-message elementor-col-100 elementor-field-required\">\n\t\t\t\t\t\t\t\t\t\t\t\t<label for=\"form-field-message\" class=\"elementor-field-label elementor-screen-only\">\n\t\t\t\t\t\t\t\tBericht\t\t\t\t\t\t\t<\/label>\n\t\t\t\t\t\t<textarea class=\"elementor-field-textual elementor-field  elementor-size-sm\" name=\"form_fields[message]\" id=\"form-field-message\" rows=\"4\" placeholder=\"Bericht*\" required=\"required\"><\/textarea>\t\t\t\t<\/div>\n\t\t\t\t\t\t\t\t<div class=\"elementor-field-type-html elementor-field-group elementor-column elementor-field-group-field_49cb6eb elementor-col-100\">\n\t\t\t\t\t<span class=\"hinweistext\">De velden met een * zijn verplicht.  <\/span>\t\t\t\t<\/div>\n\t\t\t\t\t\t\t\t<div class=\"elementor-field-type-acceptance elementor-field-group elementor-column elementor-field-group-field_bb3700a elementor-col-100\">\n\t\t\t\t\t\t\t<div class=\"elementor-field-subgroup\">\n\t\t\t<span class=\"elementor-field-option\">\n\t\t\t\t<input type=\"checkbox\" name=\"form_fields[field_bb3700a]\" id=\"form-field-field_bb3700a\" class=\"elementor-field elementor-size-sm  elementor-acceptance-field\">\n\t\t\t\t<label for=\"form-field-field_bb3700a\"><small>Ik heb het <a href=\"https:\/\/www.rokatec.de\/nl\/gegevensbescherming\/\" target=\"_blank\">privacybeleid<\/a> gelezen en ga ermee akkoord dat mijn gegevens worden verwerkt om mijn vraag te beantwoorden en worden opgeslagen voor documentatiedoeleinden.<\/small><\/label>\t\t\t<\/span>\n\t\t<\/div>\n\t\t\t\t\t\t<\/div>\n\t\t\t\t\t\t\t\t<div class=\"elementor-field-group elementor-column elementor-field-type-submit elementor-col-100 e-form__buttons\">\n\t\t\t\t\t<button class=\"elementor-button elementor-size-sm\" type=\"submit\">\n\t\t\t\t\t\t<span class=\"elementor-button-content-wrapper\">\n\t\t\t\t\t\t\t\t\t\t\t\t\t\t\t\t\t\t\t\t\t\t<span class=\"elementor-button-text\">Stuur<\/span>\n\t\t\t\t\t\t\t\t\t\t\t\t\t<\/span>\n\t\t\t\t\t<\/button>\n\t\t\t\t<\/div>\n\t\t\t<\/div>\n\t\t<\/form>\n\t\t\t\t\t\t<\/div>\n\t\t\t\t<\/div>\n\t\t\t\t<\/div>\n\t\t\t\t\t<\/div>\n\t\t\t\t<\/div>\n\t\t<div class=\"elementor-element elementor-element-9c2fc26 e-con-full e-flex e-con e-parent\" data-id=\"9c2fc26\" data-element_type=\"container\" data-e-type=\"container\">\n\t\t\t\t<div class=\"elementor-element elementor-element-8ec485f elementor-widget elementor-widget-google_maps\" data-id=\"8ec485f\" data-element_type=\"widget\" data-e-type=\"widget\" data-widget_type=\"google_maps.default\">\n\t\t\t\t<div class=\"elementor-widget-container\">\n\t\t\t\t\t\t\t<div class=\"elementor-custom-embed\">\n\t\t\t<iframe loading=\"lazy\"\n\t\t\t\t\tsrc=\"https:\/\/maps.google.com\/maps?q=rokatec%20GmbH%20Rudolf-Diesel%20Stra%C3%9Fe%203%2C%2049824%20Emlichheim&#038;t=m&#038;z=13&#038;output=embed&#038;iwloc=near\"\n\t\t\t\t\ttitle=\"rokatec GmbH Rudolf-Diesel Stra\u00dfe 3, 49824 Emlichheim\"\n\t\t\t\t\taria-label=\"rokatec GmbH Rudolf-Diesel Stra\u00dfe 3, 49824 Emlichheim\"\n\t\t\t><\/iframe>\n\t\t<\/div>\n\t\t\t\t\t\t<\/div>\n\t\t\t\t<\/div>\n\t\t\t\t<\/div>\n\t\t\t\t<\/div>\n\t\t","protected":false},"excerpt":{"rendered":"<p>Samen cre\u00ebren weverbindingen Samen cre\u00ebren weverbindingen Neem contact met ons op Wij staan voor de beste verbindingen &#8211; dit geldt ook voor persoonlijk contact. Wij verheugen ons op uw aanvraag en zijn altijd uw competente aanspreekpartner, vooral voor individuele oplossingen. rokatec GmbHRudolf-Diesel-Stra\u00dfe 3D-49824 Emlichheim OPENINGSTIJDENmaandag t\/m donderdag van 8:00 tot 16:00 uurvrijdag van 8:00 tot [&hellip;]<\/p>\n","protected":false},"author":1,"featured_media":0,"parent":0,"menu_order":0,"comment_status":"closed","ping_status":"closed","template":"","meta":{"_acf_changed":false,"footnotes":""},"class_list":["post-2145","page","type-page","status-publish","hentry"],"acf":[],"yoast_head":"<!-- This site is optimized with the Yoast SEO plugin v27.4 - https:\/\/yoast.com\/product\/yoast-seo-wordpress\/ -->\n<title>Contact | Rokatec: Neem contact op<\/title>\n<meta name=\"description\" content=\"Heb je vragen of wil je een offerte? Neem dan contact op met Rokatec. Hier vind je onze contactgegevens en het contactformulier.\" \/>\n<meta name=\"robots\" content=\"index, follow, max-snippet:-1, max-image-preview:large, max-video-preview:-1\" \/>\n<link rel=\"canonical\" href=\"https:\/\/www.rokatec.de\/nl\/neem-contact-met-ons-op\/\" \/>\n<meta property=\"og:locale\" content=\"nl_NL\" \/>\n<meta property=\"og:type\" content=\"article\" \/>\n<meta property=\"og:title\" content=\"Contact | Rokatec: Neem contact op\" \/>\n<meta property=\"og:description\" content=\"Heb je vragen of wil je een offerte? Neem dan contact op met Rokatec. Hier vind je onze contactgegevens en het contactformulier.\" \/>\n<meta property=\"og:url\" content=\"https:\/\/www.rokatec.de\/nl\/neem-contact-met-ons-op\/\" \/>\n<meta property=\"og:site_name\" content=\"Kabelb\u00e4ume, Kabelkonfektion &amp; Baugruppenmontage - Rokatec\" \/>\n<meta property=\"article:modified_time\" content=\"2026-01-21T15:26:40+00:00\" \/>\n<meta name=\"twitter:card\" content=\"summary_large_image\" \/>\n<script type=\"application\/ld+json\" class=\"yoast-schema-graph\">{\"@context\":\"https:\\\/\\\/schema.org\",\"@graph\":[{\"@type\":\"WebPage\",\"@id\":\"https:\\\/\\\/www.rokatec.de\\\/nl\\\/neem-contact-met-ons-op\\\/\",\"url\":\"https:\\\/\\\/www.rokatec.de\\\/nl\\\/neem-contact-met-ons-op\\\/\",\"name\":\"Contact | Rokatec: Neem contact op\",\"isPartOf\":{\"@id\":\"https:\\\/\\\/www.rokatec.de\\\/nl\\\/#website\"},\"datePublished\":\"2025-03-05T14:24:04+00:00\",\"dateModified\":\"2026-01-21T15:26:40+00:00\",\"description\":\"Heb je vragen of wil je een offerte? Neem dan contact op met Rokatec. Hier vind je onze contactgegevens en het contactformulier.\",\"breadcrumb\":{\"@id\":\"https:\\\/\\\/www.rokatec.de\\\/nl\\\/neem-contact-met-ons-op\\\/#breadcrumb\"},\"inLanguage\":\"nl-NL\",\"potentialAction\":[{\"@type\":\"ReadAction\",\"target\":[\"https:\\\/\\\/www.rokatec.de\\\/nl\\\/neem-contact-met-ons-op\\\/\"]}]},{\"@type\":\"BreadcrumbList\",\"@id\":\"https:\\\/\\\/www.rokatec.de\\\/nl\\\/neem-contact-met-ons-op\\\/#breadcrumb\",\"itemListElement\":[{\"@type\":\"ListItem\",\"position\":1,\"name\":\"Startseite\",\"item\":\"https:\\\/\\\/www.rokatec.de\\\/nl\\\/home\\\/\"},{\"@type\":\"ListItem\",\"position\":2,\"name\":\"Neem contact met ons op\"}]},{\"@type\":\"WebSite\",\"@id\":\"https:\\\/\\\/www.rokatec.de\\\/nl\\\/#website\",\"url\":\"https:\\\/\\\/www.rokatec.de\\\/nl\\\/\",\"name\":\"Kabelb\u00e4ume, Kabelkonfektion &amp; Baugruppenmontage - Rokatec\",\"description\":\"Ihr Spezialist f\u00fcr Kabelkonfektion &amp; Baugruppenmontage. Wir fertigen individuelle Kabelb\u00e4ume, Leitungss\u00e4tze &amp; Steckverbinder.\",\"publisher\":{\"@id\":\"https:\\\/\\\/www.rokatec.de\\\/nl\\\/#organization\"},\"potentialAction\":[{\"@type\":\"SearchAction\",\"target\":{\"@type\":\"EntryPoint\",\"urlTemplate\":\"https:\\\/\\\/www.rokatec.de\\\/nl\\\/?s={search_term_string}\"},\"query-input\":{\"@type\":\"PropertyValueSpecification\",\"valueRequired\":true,\"valueName\":\"search_term_string\"}}],\"inLanguage\":\"nl-NL\"},{\"@type\":\"Organization\",\"@id\":\"https:\\\/\\\/www.rokatec.de\\\/nl\\\/#organization\",\"name\":\"Kabelb\u00e4ume, Kabelkonfektion &amp; Baugruppenmontage - Rokatec\",\"url\":\"https:\\\/\\\/www.rokatec.de\\\/nl\\\/\",\"logo\":{\"@type\":\"ImageObject\",\"inLanguage\":\"nl-NL\",\"@id\":\"https:\\\/\\\/www.rokatec.de\\\/nl\\\/#\\\/schema\\\/logo\\\/image\\\/\",\"url\":\"https:\\\/\\\/www.rokatec.de\\\/wp-content\\\/uploads\\\/2025\\\/01\\\/rokatec\u2013Kabelkonfektion.svg\",\"contentUrl\":\"https:\\\/\\\/www.rokatec.de\\\/wp-content\\\/uploads\\\/2025\\\/01\\\/rokatec\u2013Kabelkonfektion.svg\",\"width\":499,\"height\":147,\"caption\":\"Kabelb\u00e4ume, Kabelkonfektion &amp; Baugruppenmontage - Rokatec\"},\"image\":{\"@id\":\"https:\\\/\\\/www.rokatec.de\\\/nl\\\/#\\\/schema\\\/logo\\\/image\\\/\"}}]}<\/script>\n<!-- \/ Yoast SEO plugin. -->","yoast_head_json":{"title":"Contact | Rokatec: Neem contact op","description":"Heb je vragen of wil je een offerte? Neem dan contact op met Rokatec. Hier vind je onze contactgegevens en het contactformulier.","robots":{"index":"index","follow":"follow","max-snippet":"max-snippet:-1","max-image-preview":"max-image-preview:large","max-video-preview":"max-video-preview:-1"},"canonical":"https:\/\/www.rokatec.de\/nl\/neem-contact-met-ons-op\/","og_locale":"nl_NL","og_type":"article","og_title":"Contact | Rokatec: Neem contact op","og_description":"Heb je vragen of wil je een offerte? Neem dan contact op met Rokatec. Hier vind je onze contactgegevens en het contactformulier.","og_url":"https:\/\/www.rokatec.de\/nl\/neem-contact-met-ons-op\/","og_site_name":"Kabelb\u00e4ume, Kabelkonfektion &amp; Baugruppenmontage - Rokatec","article_modified_time":"2026-01-21T15:26:40+00:00","twitter_card":"summary_large_image","schema":{"@context":"https:\/\/schema.org","@graph":[{"@type":"WebPage","@id":"https:\/\/www.rokatec.de\/nl\/neem-contact-met-ons-op\/","url":"https:\/\/www.rokatec.de\/nl\/neem-contact-met-ons-op\/","name":"Contact | Rokatec: Neem contact op","isPartOf":{"@id":"https:\/\/www.rokatec.de\/nl\/#website"},"datePublished":"2025-03-05T14:24:04+00:00","dateModified":"2026-01-21T15:26:40+00:00","description":"Heb je vragen of wil je een offerte? Neem dan contact op met Rokatec. Hier vind je onze contactgegevens en het contactformulier.","breadcrumb":{"@id":"https:\/\/www.rokatec.de\/nl\/neem-contact-met-ons-op\/#breadcrumb"},"inLanguage":"nl-NL","potentialAction":[{"@type":"ReadAction","target":["https:\/\/www.rokatec.de\/nl\/neem-contact-met-ons-op\/"]}]},{"@type":"BreadcrumbList","@id":"https:\/\/www.rokatec.de\/nl\/neem-contact-met-ons-op\/#breadcrumb","itemListElement":[{"@type":"ListItem","position":1,"name":"Startseite","item":"https:\/\/www.rokatec.de\/nl\/home\/"},{"@type":"ListItem","position":2,"name":"Neem contact met ons op"}]},{"@type":"WebSite","@id":"https:\/\/www.rokatec.de\/nl\/#website","url":"https:\/\/www.rokatec.de\/nl\/","name":"Kabelb\u00e4ume, Kabelkonfektion &amp; Baugruppenmontage - Rokatec","description":"Ihr Spezialist f\u00fcr Kabelkonfektion &amp; Baugruppenmontage. Wir fertigen individuelle Kabelb\u00e4ume, Leitungss\u00e4tze &amp; Steckverbinder.","publisher":{"@id":"https:\/\/www.rokatec.de\/nl\/#organization"},"potentialAction":[{"@type":"SearchAction","target":{"@type":"EntryPoint","urlTemplate":"https:\/\/www.rokatec.de\/nl\/?s={search_term_string}"},"query-input":{"@type":"PropertyValueSpecification","valueRequired":true,"valueName":"search_term_string"}}],"inLanguage":"nl-NL"},{"@type":"Organization","@id":"https:\/\/www.rokatec.de\/nl\/#organization","name":"Kabelb\u00e4ume, Kabelkonfektion &amp; Baugruppenmontage - Rokatec","url":"https:\/\/www.rokatec.de\/nl\/","logo":{"@type":"ImageObject","inLanguage":"nl-NL","@id":"https:\/\/www.rokatec.de\/nl\/#\/schema\/logo\/image\/","url":"https:\/\/www.rokatec.de\/wp-content\/uploads\/2025\/01\/rokatec\u2013Kabelkonfektion.svg","contentUrl":"https:\/\/www.rokatec.de\/wp-content\/uploads\/2025\/01\/rokatec\u2013Kabelkonfektion.svg","width":499,"height":147,"caption":"Kabelb\u00e4ume, Kabelkonfektion &amp; Baugruppenmontage - Rokatec"},"image":{"@id":"https:\/\/www.rokatec.de\/nl\/#\/schema\/logo\/image\/"}}]}},"_links":{"self":[{"href":"https:\/\/www.rokatec.de\/nl\/wp-json\/wp\/v2\/pages\/2145","targetHints":{"allow":["GET"]}}],"collection":[{"href":"https:\/\/www.rokatec.de\/nl\/wp-json\/wp\/v2\/pages"}],"about":[{"href":"https:\/\/www.rokatec.de\/nl\/wp-json\/wp\/v2\/types\/page"}],"author":[{"embeddable":true,"href":"https:\/\/www.rokatec.de\/nl\/wp-json\/wp\/v2\/users\/1"}],"replies":[{"embeddable":true,"href":"https:\/\/www.rokatec.de\/nl\/wp-json\/wp\/v2\/comments?post=2145"}],"version-history":[{"count":1,"href":"https:\/\/www.rokatec.de\/nl\/wp-json\/wp\/v2\/pages\/2145\/revisions"}],"predecessor-version":[{"id":2148,"href":"https:\/\/www.rokatec.de\/nl\/wp-json\/wp\/v2\/pages\/2145\/revisions\/2148"}],"wp:attachment":[{"href":"https:\/\/www.rokatec.de\/nl\/wp-json\/wp\/v2\/media?parent=2145"}],"curies":[{"name":"wp","href":"https:\/\/api.w.org\/{rel}","templated":true}]}}