{"id":1904,"date":"2025-03-05T15:24:04","date_gmt":"2025-03-05T14:24:04","guid":{"rendered":"https:\/\/www.rokatec.de\/contact-us\/"},"modified":"2025-06-03T15:55:39","modified_gmt":"2025-06-03T13:55:39","slug":"contact-us","status":"publish","type":"page","link":"https:\/\/www.rokatec.de\/en\/contact-us\/","title":{"rendered":"Contact us"},"content":{"rendered":"\t\t<div data-elementor-type=\"wp-page\" data-elementor-id=\"1904\" class=\"elementor elementor-1904 elementor-787\" data-elementor-post-type=\"page\">\n\t\t\t\t<div class=\"elementor-element elementor-element-07394b1 e-con-full e-flex e-con e-parent\" data-id=\"07394b1\" data-element_type=\"container\" data-e-type=\"container\">\n\t\t\t\t<div class=\"elementor-element elementor-element-538fea9 elementor-widget__width-inherit elementor-pagination-position-inside elementor-pagination-type-bullets elementor-arrows-position-inside elementor-widget elementor-widget-n-carousel\" data-id=\"538fea9\" data-element_type=\"widget\" data-e-type=\"widget\" data-settings=\"{&quot;carousel_items&quot;:[{&quot;slide_title&quot;:&quot;Qualit\\u00e4t&quot;,&quot;_id&quot;:&quot;87b1fba&quot;}],&quot;slides_to_show&quot;:&quot;1&quot;,&quot;speed&quot;:300,&quot;image_spacing_custom&quot;:{&quot;unit&quot;:&quot;px&quot;,&quot;size&quot;:0,&quot;sizes&quot;:[]},&quot;slides_to_show_tablet&quot;:&quot;2&quot;,&quot;slides_to_show_mobile&quot;:&quot;1&quot;,&quot;autoplay&quot;:&quot;yes&quot;,&quot;autoplay_speed&quot;:5000,&quot;pause_on_hover&quot;:&quot;yes&quot;,&quot;pause_on_interaction&quot;:&quot;yes&quot;,&quot;infinite&quot;:&quot;yes&quot;,&quot;offset_sides&quot;:&quot;none&quot;,&quot;arrows&quot;:&quot;yes&quot;,&quot;pagination&quot;:&quot;bullets&quot;,&quot;image_spacing_custom_laptop&quot;:{&quot;unit&quot;:&quot;px&quot;,&quot;size&quot;:&quot;&quot;,&quot;sizes&quot;:[]},&quot;image_spacing_custom_tablet_extra&quot;:{&quot;unit&quot;:&quot;px&quot;,&quot;size&quot;:&quot;&quot;,&quot;sizes&quot;:[]},&quot;image_spacing_custom_tablet&quot;:{&quot;unit&quot;:&quot;px&quot;,&quot;size&quot;:&quot;&quot;,&quot;sizes&quot;:[]},&quot;image_spacing_custom_mobile&quot;:{&quot;unit&quot;:&quot;px&quot;,&quot;size&quot;:&quot;&quot;,&quot;sizes&quot;:[]}}\" data-widget_type=\"nested-carousel.default\">\n\t\t\t\t<div class=\"elementor-widget-container\">\n\t\t\t\t\t\t\t<div class=\"e-n-carousel swiper\" role=\"region\" aria-roledescription=\"carousel\" aria-label=\"Header Slider\" dir=\"ltr\">\n\t\t\t<div class=\"swiper-wrapper\" aria-live=\"off\">\n\t\t\t\t\t\t\t\t\t\t<div class=\"swiper-slide\" data-slide=\"1\" role=\"group\" aria-roledescription=\"slide\" aria-label=\"1 of 1\">\n\t\t\t\t\t\t\t<div data-dce-background-image-url=\"https:\/\/www.rokatec.de\/wp-content\/uploads\/2025\/03\/DJI_0380-HDR-Bearbeitet-1.jpg\" class=\"elementor-element elementor-element-1c2d009 pad-xl e-flex e-con-boxed e-con e-child\" data-id=\"1c2d009\" data-element_type=\"container\" data-e-type=\"container\" data-settings=\"{&quot;background_background&quot;:&quot;classic&quot;}\">\n\t\t\t\t\t<div class=\"e-con-inner\">\n\t\t\t\t<div class=\"elementor-element elementor-element-bc6c8de elementor-widget__width-initial elementor-invisible elementor-widget elementor-widget-heading\" data-id=\"bc6c8de\" data-element_type=\"widget\" data-e-type=\"widget\" data-settings=\"{&quot;_animation&quot;:&quot;fadeInDown&quot;}\" data-widget_type=\"heading.default\">\n\t\t\t\t<div class=\"elementor-widget-container\">\n\t\t\t\t\t<h1 class=\"elementor-heading-title elementor-size-default\">Together we create<br>connections<\/h1>\t\t\t\t<\/div>\n\t\t\t\t<\/div>\n\t\t\t\t\t<\/div>\n\t\t\t\t<\/div>\n\t\t\t\t\t\t\t\t<\/div>\n\t\t\t\t\t\t\t\t<\/div>\n\t\t<\/div>\n\t\t\t\t\t\t<\/div>\n\t\t\t\t<\/div>\n\t\t\t\t<\/div>\n\t\t<div class=\"elementor-element elementor-element-80681a1 pad-xl e-flex e-con-boxed e-con e-parent\" data-id=\"80681a1\" data-element_type=\"container\" data-e-type=\"container\">\n\t\t\t\t\t<div class=\"e-con-inner\">\n\t\t<div class=\"elementor-element elementor-element-8fe7293 e-con-full e-flex e-con e-child\" data-id=\"8fe7293\" data-element_type=\"container\" data-e-type=\"container\">\n\t\t\t\t<div class=\"elementor-element elementor-element-7f41bb5 elementor-widget elementor-widget-heading\" data-id=\"7f41bb5\" data-element_type=\"widget\" data-e-type=\"widget\" data-widget_type=\"heading.default\">\n\t\t\t\t<div class=\"elementor-widget-container\">\n\t\t\t\t\t<h2 class=\"elementor-heading-title elementor-size-default\">Contact us<\/h2>\t\t\t\t<\/div>\n\t\t\t\t<\/div>\n\t\t\t\t<div class=\"elementor-element elementor-element-b046c15 elementor-widget elementor-widget-text-editor\" data-id=\"b046c15\" data-element_type=\"widget\" data-e-type=\"widget\" data-widget_type=\"text-editor.default\">\n\t\t\t\t<div class=\"elementor-widget-container\">\n\t\t\t\t\t\t\t\t\t<p>We stand for the best connections &#8211; this also applies to personal contact. We look forward to receiving your inquiry and are always your competent partner, especially for individual solutions. <\/p><p><b>rokatec GmbH<br><\/b>Rudolf-Diesel-Stra\u00dfe 3<br>D-49824 Emlichheim<\/p><p><b>OPENING HOURS<\/b><br>Mondays to Thursdays from 8:00 a.m. to 4:00 p.m.<br>Fridays from 8:00 a.m. to 1:00 p.m.<\/p><p><b>CONTACT<\/b><br>Tel.: + 49 5943 999 2820<br>Fax: + 49 5943 999 2829<br>E-mail: anfrage@rokatec.de<\/p><p>Get in touch with us now. Give us a call or write to us conveniently using our contact form. We look forward to hearing from you!  <\/p>\t\t\t\t\t\t\t\t<\/div>\n\t\t\t\t<\/div>\n\t\t\t\t<\/div>\n\t\t<div class=\"elementor-element elementor-element-c33da0d e-con-full e-flex e-con e-child\" data-id=\"c33da0d\" data-element_type=\"container\" data-e-type=\"container\">\n\t\t\t\t<div class=\"elementor-element elementor-element-ea407be elementor-widget elementor-widget-heading\" data-id=\"ea407be\" data-element_type=\"widget\" data-e-type=\"widget\" data-widget_type=\"heading.default\">\n\t\t\t\t<div class=\"elementor-widget-container\">\n\t\t\t\t\t<h2 class=\"elementor-heading-title elementor-size-default\">Send project request\n<\/h2>\t\t\t\t<\/div>\n\t\t\t\t<\/div>\n\t\t\t\t<div class=\"elementor-element elementor-element-b7a8015 elementor-button-align-start elementor-widget__width-inherit elementor-widget elementor-widget-form\" data-id=\"b7a8015\" data-element_type=\"widget\" data-e-type=\"widget\" data-settings=\"{&quot;step_next_label&quot;:&quot;Next&quot;,&quot;step_previous_label&quot;:&quot;Previous&quot;,&quot;button_width&quot;:&quot;100&quot;,&quot;step_type&quot;:&quot;number_text&quot;,&quot;step_icon_shape&quot;:&quot;circle&quot;}\" data-widget_type=\"form.default\">\n\t\t\t\t<div class=\"elementor-widget-container\">\n\t\t\t\t\t\t\t<form class=\"elementor-form\" method=\"post\" name=\"New form\" aria-label=\"New form\">\n\t\t\t<input type=\"hidden\" name=\"post_id\" value=\"1904\"\/>\n\t\t\t<input type=\"hidden\" name=\"form_id\" value=\"b7a8015\"\/>\n\t\t\t<input type=\"hidden\" name=\"referer_title\" value=\"Contact | Rokatec: Get in touch\" \/>\n\n\t\t\t\t\t\t\t<input type=\"hidden\" name=\"queried_id\" value=\"1904\"\/>\n\t\t\t\n\t\t\t<div class=\"elementor-form-fields-wrapper elementor-labels-\">\n\t\t\t\t\t\t\t\t<div class=\"elementor-field-type-text elementor-field-group elementor-column elementor-field-group-field_aaa7f7e elementor-col-100 elementor-field-required\">\n\t\t\t\t\t\t\t\t\t\t\t\t<label for=\"form-field-field_aaa7f7e\" class=\"elementor-field-label elementor-screen-only\">\n\t\t\t\t\t\t\t\tName\t\t\t\t\t\t\t<\/label>\n\t\t\t\t\t\t\t\t\t\t\t\t\t\t<input size=\"1\" type=\"text\" name=\"form_fields[field_aaa7f7e]\" id=\"form-field-field_aaa7f7e\" class=\"elementor-field elementor-size-sm  elementor-field-textual\" placeholder=\"Name*\" required=\"required\">\n\t\t\t\t\t\t\t\t\t\t\t<\/div>\n\t\t\t\t\t\t\t\t<div class=\"elementor-field-type-email elementor-field-group elementor-column elementor-field-group-email elementor-col-100 elementor-field-required\">\n\t\t\t\t\t\t\t\t\t\t\t\t<label for=\"form-field-email\" class=\"elementor-field-label elementor-screen-only\">\n\t\t\t\t\t\t\t\te-mail\t\t\t\t\t\t\t<\/label>\n\t\t\t\t\t\t\t\t\t\t\t\t\t\t<input size=\"1\" type=\"email\" name=\"form_fields[email]\" id=\"form-field-email\" class=\"elementor-field elementor-size-sm  elementor-field-textual\" placeholder=\"e-mail*\" required=\"required\">\n\t\t\t\t\t\t\t\t\t\t\t<\/div>\n\t\t\t\t\t\t\t\t<div class=\"elementor-field-type-text elementor-field-group elementor-column elementor-field-group-name elementor-col-100\">\n\t\t\t\t\t\t\t\t\t\t\t\t<label for=\"form-field-name\" class=\"elementor-field-label elementor-screen-only\">\n\t\t\t\t\t\t\t\tTelephone\t\t\t\t\t\t\t<\/label>\n\t\t\t\t\t\t\t\t\t\t\t\t\t\t<input size=\"1\" type=\"text\" name=\"form_fields[name]\" id=\"form-field-name\" class=\"elementor-field elementor-size-sm  elementor-field-textual\" placeholder=\"Telephone\">\n\t\t\t\t\t\t\t\t\t\t\t<\/div>\n\t\t\t\t\t\t\t\t<div class=\"elementor-field-type-textarea elementor-field-group elementor-column elementor-field-group-message elementor-col-100 elementor-field-required\">\n\t\t\t\t\t\t\t\t\t\t\t\t<label for=\"form-field-message\" class=\"elementor-field-label elementor-screen-only\">\n\t\t\t\t\t\t\t\tMessage\t\t\t\t\t\t\t<\/label>\n\t\t\t\t\t\t<textarea class=\"elementor-field-textual elementor-field  elementor-size-sm\" name=\"form_fields[message]\" id=\"form-field-message\" rows=\"4\" placeholder=\"Message*\" required=\"required\"><\/textarea>\t\t\t\t<\/div>\n\t\t\t\t\t\t\t\t<div class=\"elementor-field-type-html elementor-field-group elementor-column elementor-field-group-field_49cb6eb elementor-col-100\">\n\t\t\t\t\t<span class=\"hinweistext\">The fields marked with * are mandatory.  <\/span>\t\t\t\t<\/div>\n\t\t\t\t\t\t\t\t<div class=\"elementor-field-type-acceptance elementor-field-group elementor-column elementor-field-group-field_bb3700a elementor-col-100\">\n\t\t\t\t\t\t\t<div class=\"elementor-field-subgroup\">\n\t\t\t<span class=\"elementor-field-option\">\n\t\t\t\t<input type=\"checkbox\" name=\"form_fields[field_bb3700a]\" id=\"form-field-field_bb3700a\" class=\"elementor-field elementor-size-sm  elementor-acceptance-field\">\n\t\t\t\t<label for=\"form-field-field_bb3700a\"><small>I have read the <a href=\"https:\/\/www.rokatec.de\/en\/data-protection\/\" target=\"_blank\">privacy policy<\/a> and agree that my data will be processed to answer my request and stored for documentation purposes.<\/small><\/label>\t\t\t<\/span>\n\t\t<\/div>\n\t\t\t\t\t\t<\/div>\n\t\t\t\t\t\t\t\t<div class=\"elementor-field-group elementor-column elementor-field-type-submit elementor-col-100 e-form__buttons\">\n\t\t\t\t\t<button class=\"elementor-button elementor-size-sm\" type=\"submit\">\n\t\t\t\t\t\t<span class=\"elementor-button-content-wrapper\">\n\t\t\t\t\t\t\t\t\t\t\t\t\t\t\t\t\t\t\t\t\t\t<span class=\"elementor-button-text\">Submit<\/span>\n\t\t\t\t\t\t\t\t\t\t\t\t\t<\/span>\n\t\t\t\t\t<\/button>\n\t\t\t\t<\/div>\n\t\t\t<\/div>\n\t\t<\/form>\n\t\t\t\t\t\t<\/div>\n\t\t\t\t<\/div>\n\t\t\t\t<\/div>\n\t\t\t\t\t<\/div>\n\t\t\t\t<\/div>\n\t\t<div class=\"elementor-element elementor-element-9c2fc26 e-con-full e-flex e-con e-parent\" data-id=\"9c2fc26\" data-element_type=\"container\" data-e-type=\"container\">\n\t\t\t\t<div class=\"elementor-element elementor-element-8ec485f elementor-widget elementor-widget-google_maps\" data-id=\"8ec485f\" data-element_type=\"widget\" data-e-type=\"widget\" data-widget_type=\"google_maps.default\">\n\t\t\t\t<div class=\"elementor-widget-container\">\n\t\t\t\t\t\t\t<div class=\"elementor-custom-embed\">\n\t\t\t <div class=\"brlbs-cmpnt-container brlbs-cmpnt-content-blocker brlbs-cmpnt-with-individual-styles\" data-borlabs-cookie-content-blocker-id=\"default\" data-borlabs-cookie-content=\"PGlmcmFtZSBsb2FkaW5nPSJsYXp5IgoJCQkJCXNyYz0iaHR0cHM6Ly9tYXBzLmdvb2dsZS5jb20vbWFwcz9xPXJva2F0ZWMlMjBHbWJIJTIwUnVkb2xmLURpZXNlbCUyMFN0cmElQzMlOUZlJTIwMyUyQyUyMDQ5ODI0JTIwRW1saWNoaGVpbSYjMDM4O3Q9bSYjMDM4O3o9MTMmIzAzODtvdXRwdXQ9ZW1iZWQmIzAzODtpd2xvYz1uZWFyIgoJCQkJCXRpdGxlPSJyb2thdGVjIEdtYkggUnVkb2xmLURpZXNlbCBTdHJhw59lIDMsIDQ5ODI0IEVtbGljaGhlaW0iCgkJCQkJYXJpYS1sYWJlbD0icm9rYXRlYyBHbWJIIFJ1ZG9sZi1EaWVzZWwgU3RyYcOfZSAzLCA0OTgyNCBFbWxpY2hoZWltIgoJCQk+PC9pZnJhbWU+\"><div class=\"brlbs-cmpnt-cb-preset-a\"> <p class=\"brlbs-cmpnt-cb-description\">You are currently viewing a placeholder content from <strong>Default<\/strong>. To access the actual content, click the button below. Please note that doing so will share data with third-party providers.<\/p> <div class=\"brlbs-cmpnt-cb-buttons\"> <a class=\"brlbs-cmpnt-cb-btn\" href=\"#\" data-borlabs-cookie-unblock role=\"button\">Unblock content<\/a> <a class=\"brlbs-cmpnt-cb-btn\" href=\"#\" data-borlabs-cookie-accept-service role=\"button\" style=\"display: none\">Accept required service and unblock content<\/a> <\/div> <a class=\"brlbs-cmpnt-cb-provider-toggle\" href=\"#\" data-borlabs-cookie-show-provider-information role=\"button\">More Information<\/a> <\/div><\/div>\n\t\t<\/div>\n\t\t\t\t\t\t<\/div>\n\t\t\t\t<\/div>\n\t\t\t\t<\/div>\n\t\t\t\t<\/div>\n\t\t","protected":false},"excerpt":{"rendered":"<p>Together we createconnections Together we createconnections Contact us We stand for the best connections &#8211; this also applies to personal contact. We look forward to receiving your inquiry and are always your competent partner, especially for individual solutions. rokatec GmbHRudolf-Diesel-Stra\u00dfe 3D-49824 Emlichheim OPENING HOURSMondays to Thursdays from 8:00 a.m. to 4:00 p.m.Fridays from 8:00 a.m. [&hellip;]<\/p>\n","protected":false},"author":1,"featured_media":0,"parent":0,"menu_order":0,"comment_status":"closed","ping_status":"closed","template":"","meta":{"_acf_changed":false,"footnotes":""},"class_list":["post-1904","page","type-page","status-publish","hentry"],"acf":[],"yoast_head":"<!-- This site is optimized with the Yoast SEO plugin v27.4 - https:\/\/yoast.com\/product\/yoast-seo-wordpress\/ -->\n<title>Contact | Rokatec: Get in touch<\/title>\n<meta name=\"description\" content=\"Do you have any questions or would you like a quote? Get in touch with Rokatec. Here you will find our contact details and the contact form.\" \/>\n<meta name=\"robots\" content=\"index, follow, max-snippet:-1, max-image-preview:large, max-video-preview:-1\" \/>\n<link rel=\"canonical\" href=\"https:\/\/www.rokatec.de\/en\/contact-us\/\" \/>\n<meta property=\"og:locale\" content=\"en_US\" \/>\n<meta property=\"og:type\" content=\"article\" \/>\n<meta property=\"og:title\" content=\"Contact | Rokatec: Get in touch\" \/>\n<meta property=\"og:description\" content=\"Do you have any questions or would you like a quote? Get in touch with Rokatec. Here you will find our contact details and the contact form.\" \/>\n<meta property=\"og:url\" content=\"https:\/\/www.rokatec.de\/en\/contact-us\/\" \/>\n<meta property=\"og:site_name\" content=\"Kabelb\u00e4ume, Kabelkonfektion &amp; Baugruppenmontage - Rokatec\" \/>\n<meta property=\"article:modified_time\" content=\"2025-06-03T13:55:39+00:00\" \/>\n<meta name=\"twitter:card\" content=\"summary_large_image\" \/>\n<script type=\"application\/ld+json\" class=\"yoast-schema-graph\">{\"@context\":\"https:\\\/\\\/schema.org\",\"@graph\":[{\"@type\":\"WebPage\",\"@id\":\"https:\\\/\\\/www.rokatec.de\\\/en\\\/contact-us\\\/\",\"url\":\"https:\\\/\\\/www.rokatec.de\\\/en\\\/contact-us\\\/\",\"name\":\"Contact | Rokatec: Get in touch\",\"isPartOf\":{\"@id\":\"https:\\\/\\\/www.rokatec.de\\\/en\\\/#website\"},\"datePublished\":\"2025-03-05T14:24:04+00:00\",\"dateModified\":\"2025-06-03T13:55:39+00:00\",\"description\":\"Do you have any questions or would you like a quote? Get in touch with Rokatec. Here you will find our contact details and the contact form.\",\"breadcrumb\":{\"@id\":\"https:\\\/\\\/www.rokatec.de\\\/en\\\/contact-us\\\/#breadcrumb\"},\"inLanguage\":\"en-US\",\"potentialAction\":[{\"@type\":\"ReadAction\",\"target\":[\"https:\\\/\\\/www.rokatec.de\\\/en\\\/contact-us\\\/\"]}]},{\"@type\":\"BreadcrumbList\",\"@id\":\"https:\\\/\\\/www.rokatec.de\\\/en\\\/contact-us\\\/#breadcrumb\",\"itemListElement\":[{\"@type\":\"ListItem\",\"position\":1,\"name\":\"Startseite\",\"item\":\"https:\\\/\\\/www.rokatec.de\\\/en\\\/home\\\/\"},{\"@type\":\"ListItem\",\"position\":2,\"name\":\"Contact us\"}]},{\"@type\":\"WebSite\",\"@id\":\"https:\\\/\\\/www.rokatec.de\\\/en\\\/#website\",\"url\":\"https:\\\/\\\/www.rokatec.de\\\/en\\\/\",\"name\":\"Kabelb\u00e4ume, Kabelkonfektion &amp; Baugruppenmontage - Rokatec\",\"description\":\"Ihr Spezialist f\u00fcr Kabelkonfektion &amp; Baugruppenmontage. Wir fertigen individuelle Kabelb\u00e4ume, Leitungss\u00e4tze &amp; Steckverbinder.\",\"publisher\":{\"@id\":\"https:\\\/\\\/www.rokatec.de\\\/en\\\/#organization\"},\"potentialAction\":[{\"@type\":\"SearchAction\",\"target\":{\"@type\":\"EntryPoint\",\"urlTemplate\":\"https:\\\/\\\/www.rokatec.de\\\/en\\\/?s={search_term_string}\"},\"query-input\":{\"@type\":\"PropertyValueSpecification\",\"valueRequired\":true,\"valueName\":\"search_term_string\"}}],\"inLanguage\":\"en-US\"},{\"@type\":\"Organization\",\"@id\":\"https:\\\/\\\/www.rokatec.de\\\/en\\\/#organization\",\"name\":\"Kabelb\u00e4ume, Kabelkonfektion &amp; Baugruppenmontage - Rokatec\",\"url\":\"https:\\\/\\\/www.rokatec.de\\\/en\\\/\",\"logo\":{\"@type\":\"ImageObject\",\"inLanguage\":\"en-US\",\"@id\":\"https:\\\/\\\/www.rokatec.de\\\/en\\\/#\\\/schema\\\/logo\\\/image\\\/\",\"url\":\"https:\\\/\\\/www.rokatec.de\\\/wp-content\\\/uploads\\\/2025\\\/01\\\/rokatec\u2013Kabelkonfektion.svg\",\"contentUrl\":\"https:\\\/\\\/www.rokatec.de\\\/wp-content\\\/uploads\\\/2025\\\/01\\\/rokatec\u2013Kabelkonfektion.svg\",\"width\":499,\"height\":147,\"caption\":\"Kabelb\u00e4ume, Kabelkonfektion &amp; Baugruppenmontage - Rokatec\"},\"image\":{\"@id\":\"https:\\\/\\\/www.rokatec.de\\\/en\\\/#\\\/schema\\\/logo\\\/image\\\/\"}}]}<\/script>\n<!-- \/ Yoast SEO plugin. -->","yoast_head_json":{"title":"Contact | Rokatec: Get in touch","description":"Do you have any questions or would you like a quote? Get in touch with Rokatec. Here you will find our contact details and the contact form.","robots":{"index":"index","follow":"follow","max-snippet":"max-snippet:-1","max-image-preview":"max-image-preview:large","max-video-preview":"max-video-preview:-1"},"canonical":"https:\/\/www.rokatec.de\/en\/contact-us\/","og_locale":"en_US","og_type":"article","og_title":"Contact | Rokatec: Get in touch","og_description":"Do you have any questions or would you like a quote? Get in touch with Rokatec. Here you will find our contact details and the contact form.","og_url":"https:\/\/www.rokatec.de\/en\/contact-us\/","og_site_name":"Kabelb\u00e4ume, Kabelkonfektion &amp; Baugruppenmontage - Rokatec","article_modified_time":"2025-06-03T13:55:39+00:00","twitter_card":"summary_large_image","schema":{"@context":"https:\/\/schema.org","@graph":[{"@type":"WebPage","@id":"https:\/\/www.rokatec.de\/en\/contact-us\/","url":"https:\/\/www.rokatec.de\/en\/contact-us\/","name":"Contact | Rokatec: Get in touch","isPartOf":{"@id":"https:\/\/www.rokatec.de\/en\/#website"},"datePublished":"2025-03-05T14:24:04+00:00","dateModified":"2025-06-03T13:55:39+00:00","description":"Do you have any questions or would you like a quote? Get in touch with Rokatec. Here you will find our contact details and the contact form.","breadcrumb":{"@id":"https:\/\/www.rokatec.de\/en\/contact-us\/#breadcrumb"},"inLanguage":"en-US","potentialAction":[{"@type":"ReadAction","target":["https:\/\/www.rokatec.de\/en\/contact-us\/"]}]},{"@type":"BreadcrumbList","@id":"https:\/\/www.rokatec.de\/en\/contact-us\/#breadcrumb","itemListElement":[{"@type":"ListItem","position":1,"name":"Startseite","item":"https:\/\/www.rokatec.de\/en\/home\/"},{"@type":"ListItem","position":2,"name":"Contact us"}]},{"@type":"WebSite","@id":"https:\/\/www.rokatec.de\/en\/#website","url":"https:\/\/www.rokatec.de\/en\/","name":"Kabelb\u00e4ume, Kabelkonfektion &amp; Baugruppenmontage - Rokatec","description":"Ihr Spezialist f\u00fcr Kabelkonfektion &amp; Baugruppenmontage. Wir fertigen individuelle Kabelb\u00e4ume, Leitungss\u00e4tze &amp; Steckverbinder.","publisher":{"@id":"https:\/\/www.rokatec.de\/en\/#organization"},"potentialAction":[{"@type":"SearchAction","target":{"@type":"EntryPoint","urlTemplate":"https:\/\/www.rokatec.de\/en\/?s={search_term_string}"},"query-input":{"@type":"PropertyValueSpecification","valueRequired":true,"valueName":"search_term_string"}}],"inLanguage":"en-US"},{"@type":"Organization","@id":"https:\/\/www.rokatec.de\/en\/#organization","name":"Kabelb\u00e4ume, Kabelkonfektion &amp; Baugruppenmontage - Rokatec","url":"https:\/\/www.rokatec.de\/en\/","logo":{"@type":"ImageObject","inLanguage":"en-US","@id":"https:\/\/www.rokatec.de\/en\/#\/schema\/logo\/image\/","url":"https:\/\/www.rokatec.de\/wp-content\/uploads\/2025\/01\/rokatec\u2013Kabelkonfektion.svg","contentUrl":"https:\/\/www.rokatec.de\/wp-content\/uploads\/2025\/01\/rokatec\u2013Kabelkonfektion.svg","width":499,"height":147,"caption":"Kabelb\u00e4ume, Kabelkonfektion &amp; Baugruppenmontage - Rokatec"},"image":{"@id":"https:\/\/www.rokatec.de\/en\/#\/schema\/logo\/image\/"}}]}},"_links":{"self":[{"href":"https:\/\/www.rokatec.de\/en\/wp-json\/wp\/v2\/pages\/1904","targetHints":{"allow":["GET"]}}],"collection":[{"href":"https:\/\/www.rokatec.de\/en\/wp-json\/wp\/v2\/pages"}],"about":[{"href":"https:\/\/www.rokatec.de\/en\/wp-json\/wp\/v2\/types\/page"}],"author":[{"embeddable":true,"href":"https:\/\/www.rokatec.de\/en\/wp-json\/wp\/v2\/users\/1"}],"replies":[{"embeddable":true,"href":"https:\/\/www.rokatec.de\/en\/wp-json\/wp\/v2\/comments?post=1904"}],"version-history":[{"count":1,"href":"https:\/\/www.rokatec.de\/en\/wp-json\/wp\/v2\/pages\/1904\/revisions"}],"predecessor-version":[{"id":1907,"href":"https:\/\/www.rokatec.de\/en\/wp-json\/wp\/v2\/pages\/1904\/revisions\/1907"}],"wp:attachment":[{"href":"https:\/\/www.rokatec.de\/en\/wp-json\/wp\/v2\/media?parent=1904"}],"curies":[{"name":"wp","href":"https:\/\/api.w.org\/{rel}","templated":true}]}}