{"id":1816,"date":"2025-03-12T16:46:52","date_gmt":"2025-03-12T15:46:52","guid":{"rendered":"https:\/\/www.rokatec.de\/imprint\/"},"modified":"2025-06-03T15:52:25","modified_gmt":"2025-06-03T13:52:25","slug":"imprint","status":"publish","type":"page","link":"https:\/\/www.rokatec.de\/en\/imprint\/","title":{"rendered":"Imprint"},"content":{"rendered":"\t\t<div data-elementor-type=\"wp-page\" data-elementor-id=\"1816\" class=\"elementor elementor-1816 elementor-1193\" data-elementor-post-type=\"page\">\n\t\t\t\t<div class=\"elementor-element elementor-element-19e905e e-flex e-con-boxed e-con e-parent\" data-id=\"19e905e\" data-element_type=\"container\" data-e-type=\"container\" data-settings=\"{&quot;background_background&quot;:&quot;classic&quot;}\">\n\t\t\t\t\t<div class=\"e-con-inner\">\n\t\t\t\t\t<\/div>\n\t\t\t\t<\/div>\n\t\t<div class=\"elementor-element elementor-element-ccbac03 pad-l e-flex e-con-boxed e-con e-parent\" data-id=\"ccbac03\" data-element_type=\"container\" data-e-type=\"container\">\n\t\t\t\t\t<div class=\"e-con-inner\">\n\t\t\t\t<div class=\"elementor-element elementor-element-fbb5e7e elementor-widget elementor-widget-erecht24\" data-id=\"fbb5e7e\" data-element_type=\"widget\" data-e-type=\"widget\" data-widget_type=\"erecht24.default\">\n\t\t\t\t<div class=\"elementor-widget-container\">\n\t\t\t\t\t<div class=\"erecht24-elementor-widget\"><div style=\"word-wrap: break-word;\"><h1>Impressum<\/h1>\n\n<p>rokatec GmbH<br \/>\nRudolf-Diesel Stra&szlig;e 3<br \/>\n49824 Emlichheim<\/p>\n\n<p>Handelsregister: HRB 2994<br \/>\nRegistergericht: Amtsgericht Nordhorn<\/p>\n\n<p><strong>Vertreten durch:<\/strong><br \/>\nHenning Roelofs<br \/>\r\nGesch&auml;ftsf&uuml;hrender Gesellschafter<\/p>\n\n<h2>Kontakt<\/h2>\n<p>Telefon: +49 5943 999 28 28<br \/>\nTelefax: + 49 5943 999 282-9<br \/>\nE-Mail: info@rokatec.de<\/p>\n\n<h2>Umsatzsteuer-ID<\/h2>\n<p>Umsatzsteuer-Identifikationsnummer gem&auml;&szlig; &sect; 27 a Umsatzsteuergesetz:<br \/>\nDE240768772<\/p>\n\n<h2>Redaktionell verantwortlich<\/h2>\n<p>rokatec GmbH<\/p>\n\n<h2>Verbraucher&shy;streit&shy;beilegung\/Universal&shy;schlichtungs&shy;stelle<\/h2>\n<p>Wir sind nicht bereit oder verpflichtet, an Streitbeilegungsverfahren vor einer Verbraucherschlichtungsstelle teilzunehmen.<\/p><\/div><\/div>\t\t\t\t<\/div>\n\t\t\t\t<\/div>\n\t\t\t\t<div class=\"elementor-element elementor-element-d5b053b elementor-widget elementor-widget-text-editor\" data-id=\"d5b053b\" data-element_type=\"widget\" data-e-type=\"widget\" data-widget_type=\"text-editor.default\">\n\t\t\t\t<div class=\"elementor-widget-container\">\n\t\t\t\t\t\t\t\t\t<h3>Technical realization<\/h3>\n<p>Heskamp Medien GmbH<br>Marie-Curie-Stra\u00dfe 20<br>48712 Gescher<br><br>Phone: <a href=\"tel:004925428695980\">02542 869598-0<\/a><br>E-mail: <a href=\"mailto:hallo@heskamp-medien.de\">hallo@heskamp-medien.de<\/a><br><a href=\"https:\/\/heskamp-medien.de\" target=\"_blank\" rel=\"noopener\">heskamp-medien.de<\/a><\/p>\t\t\t\t\t\t\t\t<\/div>\n\t\t\t\t<\/div>\n\t\t\t\t<div class=\"elementor-element elementor-element-318b403 elementor-widget elementor-widget-text-editor\" data-id=\"318b403\" data-element_type=\"widget\" data-e-type=\"widget\" data-widget_type=\"text-editor.default\">\n\t\t\t\t<div class=\"elementor-widget-container\">\n\t\t\t\t\t\t\t\t\t<h3>Photos<\/h3><p>Andr\u00e9 Jeurink<br>FILM &amp; FOTOGRAFIE<br>Denekamper Str. 113a<br>48529 Nordhorn<\/p><p>Mobile: <a href=\"tel:00491737402612\">0173 7402612<\/a><br>E-mail: <a href=\"mailto:info@andrejeurink.de\">info@andrejeurink.de<\/a><br><a href=\"https:\/\/www.andrejeurink.com\/\">andrejeurink.com<\/a><\/p>\t\t\t\t\t\t\t\t<\/div>\n\t\t\t\t<\/div>\n\t\t\t\t\t<\/div>\n\t\t\t\t<\/div>\n\t\t\t\t<\/div>\n\t\t","protected":false},"excerpt":{"rendered":"<p>Impressum rokatec GmbH Rudolf-Diesel Stra&szlig;e 3 49824 Emlichheim Handelsregister: HRB 2994 Registergericht: Amtsgericht Nordhorn Vertreten durch: Henning Roelofs Gesch&auml;ftsf&uuml;hrender Gesellschafter Kontakt Telefon: +49 5943 999 28 28 Telefax: + 49 5943 999 282-9 E-Mail: info@rokatec.de Umsatzsteuer-ID Umsatzsteuer-Identifikationsnummer gem&auml;&szlig; &sect; 27 a Umsatzsteuergesetz: DE240768772 Redaktionell verantwortlich rokatec GmbH EU-Streitschlichtung Die Europ&auml;ische Kommission stellt eine Plattform zur [&hellip;]<\/p>\n","protected":false},"author":1,"featured_media":0,"parent":0,"menu_order":0,"comment_status":"closed","ping_status":"closed","template":"","meta":{"_acf_changed":false,"footnotes":""},"class_list":["post-1816","page","type-page","status-publish","hentry"],"acf":[],"yoast_head":"<!-- This site is optimized with the Yoast SEO plugin v27.4 - https:\/\/yoast.com\/product\/yoast-seo-wordpress\/ -->\n<title>Imprint - Kabelb\u00e4ume, Kabelkonfektion &amp; Baugruppenmontage - Rokatec<\/title>\n<meta name=\"robots\" content=\"index, follow, max-snippet:-1, max-image-preview:large, max-video-preview:-1\" \/>\n<link rel=\"canonical\" href=\"https:\/\/www.rokatec.de\/en\/imprint\/\" \/>\n<meta property=\"og:locale\" content=\"en_US\" \/>\n<meta property=\"og:type\" content=\"article\" \/>\n<meta property=\"og:title\" content=\"Imprint - Kabelb\u00e4ume, Kabelkonfektion &amp; Baugruppenmontage - Rokatec\" \/>\n<meta property=\"og:description\" content=\"Impressum rokatec GmbH Rudolf-Diesel Stra&szlig;e 3 49824 Emlichheim Handelsregister: HRB 2994 Registergericht: Amtsgericht Nordhorn Vertreten durch: Henning Roelofs Gesch&auml;ftsf&uuml;hrender Gesellschafter Kontakt Telefon: +49 5943 999 28 28 Telefax: + 49 5943 999 282-9 E-Mail: info@rokatec.de Umsatzsteuer-ID Umsatzsteuer-Identifikationsnummer gem&auml;&szlig; &sect; 27 a Umsatzsteuergesetz: DE240768772 Redaktionell verantwortlich rokatec GmbH EU-Streitschlichtung Die Europ&auml;ische Kommission stellt eine Plattform zur [&hellip;]\" \/>\n<meta property=\"og:url\" content=\"https:\/\/www.rokatec.de\/en\/imprint\/\" \/>\n<meta property=\"og:site_name\" content=\"Kabelb\u00e4ume, Kabelkonfektion &amp; Baugruppenmontage - Rokatec\" \/>\n<meta property=\"article:modified_time\" content=\"2025-06-03T13:52:25+00:00\" \/>\n<meta name=\"twitter:card\" content=\"summary_large_image\" \/>\n<meta name=\"twitter:label1\" content=\"Est. reading time\" \/>\n\t<meta name=\"twitter:data1\" content=\"1 minute\" \/>\n<script type=\"application\/ld+json\" class=\"yoast-schema-graph\">{\"@context\":\"https:\\\/\\\/schema.org\",\"@graph\":[{\"@type\":\"WebPage\",\"@id\":\"https:\\\/\\\/www.rokatec.de\\\/en\\\/imprint\\\/\",\"url\":\"https:\\\/\\\/www.rokatec.de\\\/en\\\/imprint\\\/\",\"name\":\"Imprint - Kabelb\u00e4ume, Kabelkonfektion &amp; Baugruppenmontage - Rokatec\",\"isPartOf\":{\"@id\":\"https:\\\/\\\/www.rokatec.de\\\/en\\\/#website\"},\"datePublished\":\"2025-03-12T15:46:52+00:00\",\"dateModified\":\"2025-06-03T13:52:25+00:00\",\"breadcrumb\":{\"@id\":\"https:\\\/\\\/www.rokatec.de\\\/en\\\/imprint\\\/#breadcrumb\"},\"inLanguage\":\"en-US\",\"potentialAction\":[{\"@type\":\"ReadAction\",\"target\":[\"https:\\\/\\\/www.rokatec.de\\\/en\\\/imprint\\\/\"]}]},{\"@type\":\"BreadcrumbList\",\"@id\":\"https:\\\/\\\/www.rokatec.de\\\/en\\\/imprint\\\/#breadcrumb\",\"itemListElement\":[{\"@type\":\"ListItem\",\"position\":1,\"name\":\"Startseite\",\"item\":\"https:\\\/\\\/www.rokatec.de\\\/en\\\/home\\\/\"},{\"@type\":\"ListItem\",\"position\":2,\"name\":\"Imprint\"}]},{\"@type\":\"WebSite\",\"@id\":\"https:\\\/\\\/www.rokatec.de\\\/en\\\/#website\",\"url\":\"https:\\\/\\\/www.rokatec.de\\\/en\\\/\",\"name\":\"Kabelb\u00e4ume, Kabelkonfektion &amp; Baugruppenmontage - Rokatec\",\"description\":\"Ihr Spezialist f\u00fcr Kabelkonfektion &amp; Baugruppenmontage. Wir fertigen individuelle Kabelb\u00e4ume, Leitungss\u00e4tze &amp; Steckverbinder.\",\"publisher\":{\"@id\":\"https:\\\/\\\/www.rokatec.de\\\/en\\\/#organization\"},\"potentialAction\":[{\"@type\":\"SearchAction\",\"target\":{\"@type\":\"EntryPoint\",\"urlTemplate\":\"https:\\\/\\\/www.rokatec.de\\\/en\\\/?s={search_term_string}\"},\"query-input\":{\"@type\":\"PropertyValueSpecification\",\"valueRequired\":true,\"valueName\":\"search_term_string\"}}],\"inLanguage\":\"en-US\"},{\"@type\":\"Organization\",\"@id\":\"https:\\\/\\\/www.rokatec.de\\\/en\\\/#organization\",\"name\":\"Kabelb\u00e4ume, Kabelkonfektion &amp; Baugruppenmontage - Rokatec\",\"url\":\"https:\\\/\\\/www.rokatec.de\\\/en\\\/\",\"logo\":{\"@type\":\"ImageObject\",\"inLanguage\":\"en-US\",\"@id\":\"https:\\\/\\\/www.rokatec.de\\\/en\\\/#\\\/schema\\\/logo\\\/image\\\/\",\"url\":\"https:\\\/\\\/www.rokatec.de\\\/wp-content\\\/uploads\\\/2025\\\/01\\\/rokatec\u2013Kabelkonfektion.svg\",\"contentUrl\":\"https:\\\/\\\/www.rokatec.de\\\/wp-content\\\/uploads\\\/2025\\\/01\\\/rokatec\u2013Kabelkonfektion.svg\",\"width\":499,\"height\":147,\"caption\":\"Kabelb\u00e4ume, Kabelkonfektion &amp; Baugruppenmontage - Rokatec\"},\"image\":{\"@id\":\"https:\\\/\\\/www.rokatec.de\\\/en\\\/#\\\/schema\\\/logo\\\/image\\\/\"}}]}<\/script>\n<!-- \/ Yoast SEO plugin. -->","yoast_head_json":{"title":"Imprint - Kabelb\u00e4ume, Kabelkonfektion &amp; Baugruppenmontage - Rokatec","robots":{"index":"index","follow":"follow","max-snippet":"max-snippet:-1","max-image-preview":"max-image-preview:large","max-video-preview":"max-video-preview:-1"},"canonical":"https:\/\/www.rokatec.de\/en\/imprint\/","og_locale":"en_US","og_type":"article","og_title":"Imprint - Kabelb\u00e4ume, Kabelkonfektion &amp; Baugruppenmontage - Rokatec","og_description":"Impressum rokatec GmbH Rudolf-Diesel Stra&szlig;e 3 49824 Emlichheim Handelsregister: HRB 2994 Registergericht: Amtsgericht Nordhorn Vertreten durch: Henning Roelofs Gesch&auml;ftsf&uuml;hrender Gesellschafter Kontakt Telefon: +49 5943 999 28 28 Telefax: + 49 5943 999 282-9 E-Mail: info@rokatec.de Umsatzsteuer-ID Umsatzsteuer-Identifikationsnummer gem&auml;&szlig; &sect; 27 a Umsatzsteuergesetz: DE240768772 Redaktionell verantwortlich rokatec GmbH EU-Streitschlichtung Die Europ&auml;ische Kommission stellt eine Plattform zur [&hellip;]","og_url":"https:\/\/www.rokatec.de\/en\/imprint\/","og_site_name":"Kabelb\u00e4ume, Kabelkonfektion &amp; Baugruppenmontage - Rokatec","article_modified_time":"2025-06-03T13:52:25+00:00","twitter_card":"summary_large_image","twitter_misc":{"Est. reading time":"1 minute"},"schema":{"@context":"https:\/\/schema.org","@graph":[{"@type":"WebPage","@id":"https:\/\/www.rokatec.de\/en\/imprint\/","url":"https:\/\/www.rokatec.de\/en\/imprint\/","name":"Imprint - Kabelb\u00e4ume, Kabelkonfektion &amp; Baugruppenmontage - Rokatec","isPartOf":{"@id":"https:\/\/www.rokatec.de\/en\/#website"},"datePublished":"2025-03-12T15:46:52+00:00","dateModified":"2025-06-03T13:52:25+00:00","breadcrumb":{"@id":"https:\/\/www.rokatec.de\/en\/imprint\/#breadcrumb"},"inLanguage":"en-US","potentialAction":[{"@type":"ReadAction","target":["https:\/\/www.rokatec.de\/en\/imprint\/"]}]},{"@type":"BreadcrumbList","@id":"https:\/\/www.rokatec.de\/en\/imprint\/#breadcrumb","itemListElement":[{"@type":"ListItem","position":1,"name":"Startseite","item":"https:\/\/www.rokatec.de\/en\/home\/"},{"@type":"ListItem","position":2,"name":"Imprint"}]},{"@type":"WebSite","@id":"https:\/\/www.rokatec.de\/en\/#website","url":"https:\/\/www.rokatec.de\/en\/","name":"Kabelb\u00e4ume, Kabelkonfektion &amp; Baugruppenmontage - Rokatec","description":"Ihr Spezialist f\u00fcr Kabelkonfektion &amp; Baugruppenmontage. Wir fertigen individuelle Kabelb\u00e4ume, Leitungss\u00e4tze &amp; Steckverbinder.","publisher":{"@id":"https:\/\/www.rokatec.de\/en\/#organization"},"potentialAction":[{"@type":"SearchAction","target":{"@type":"EntryPoint","urlTemplate":"https:\/\/www.rokatec.de\/en\/?s={search_term_string}"},"query-input":{"@type":"PropertyValueSpecification","valueRequired":true,"valueName":"search_term_string"}}],"inLanguage":"en-US"},{"@type":"Organization","@id":"https:\/\/www.rokatec.de\/en\/#organization","name":"Kabelb\u00e4ume, Kabelkonfektion &amp; Baugruppenmontage - Rokatec","url":"https:\/\/www.rokatec.de\/en\/","logo":{"@type":"ImageObject","inLanguage":"en-US","@id":"https:\/\/www.rokatec.de\/en\/#\/schema\/logo\/image\/","url":"https:\/\/www.rokatec.de\/wp-content\/uploads\/2025\/01\/rokatec\u2013Kabelkonfektion.svg","contentUrl":"https:\/\/www.rokatec.de\/wp-content\/uploads\/2025\/01\/rokatec\u2013Kabelkonfektion.svg","width":499,"height":147,"caption":"Kabelb\u00e4ume, Kabelkonfektion &amp; Baugruppenmontage - Rokatec"},"image":{"@id":"https:\/\/www.rokatec.de\/en\/#\/schema\/logo\/image\/"}}]}},"_links":{"self":[{"href":"https:\/\/www.rokatec.de\/en\/wp-json\/wp\/v2\/pages\/1816","targetHints":{"allow":["GET"]}}],"collection":[{"href":"https:\/\/www.rokatec.de\/en\/wp-json\/wp\/v2\/pages"}],"about":[{"href":"https:\/\/www.rokatec.de\/en\/wp-json\/wp\/v2\/types\/page"}],"author":[{"embeddable":true,"href":"https:\/\/www.rokatec.de\/en\/wp-json\/wp\/v2\/users\/1"}],"replies":[{"embeddable":true,"href":"https:\/\/www.rokatec.de\/en\/wp-json\/wp\/v2\/comments?post=1816"}],"version-history":[{"count":1,"href":"https:\/\/www.rokatec.de\/en\/wp-json\/wp\/v2\/pages\/1816\/revisions"}],"predecessor-version":[{"id":1817,"href":"https:\/\/www.rokatec.de\/en\/wp-json\/wp\/v2\/pages\/1816\/revisions\/1817"}],"wp:attachment":[{"href":"https:\/\/www.rokatec.de\/en\/wp-json\/wp\/v2\/media?parent=1816"}],"curies":[{"name":"wp","href":"https:\/\/api.w.org\/{rel}","templated":true}]}}